{"id":1590,"date":"2026-01-09T22:54:05","date_gmt":"2026-01-10T01:54:05","guid":{"rendered":"https:\/\/www.portalnoticiascde.com\/?page_id=1590"},"modified":"2026-01-09T22:54:20","modified_gmt":"2026-01-10T01:54:20","slug":"aprehenden-cargamento-de-contrabando-con-drogasarmas-y-electronicos-con-destino-a-brasil","status":"publish","type":"page","link":"https:\/\/www.portalnoticiascde.com\/?page_id=1590","title":{"rendered":"Aprehenden cargamento de contrabando con drogas,armas y electr\u00f3nicos con destino a Brasil"},"content":{"rendered":"\n<figure class=\"wp-block-image size-large\"><img loading=\"lazy\" decoding=\"async\" width=\"1024\" height=\"556\" src=\"https:\/\/www.portalnoticiascde.com\/wp-content\/uploads\/2025\/10\/screenshot_20251002_095625_google2471947215978268364-1024x556.jpg\" alt=\"\" class=\"wp-image-1523\" srcset=\"https:\/\/www.portalnoticiascde.com\/wp-content\/uploads\/2025\/10\/screenshot_20251002_095625_google2471947215978268364-1024x556.jpg 1024w, https:\/\/www.portalnoticiascde.com\/wp-content\/uploads\/2025\/10\/screenshot_20251002_095625_google2471947215978268364-300x163.jpg 300w, https:\/\/www.portalnoticiascde.com\/wp-content\/uploads\/2025\/10\/screenshot_20251002_095625_google2471947215978268364-768x417.jpg 768w, https:\/\/www.portalnoticiascde.com\/wp-content\/uploads\/2025\/10\/screenshot_20251002_095625_google2471947215978268364.jpg 1190w\" sizes=\"auto, (max-width: 1024px) 100vw, 1024px\" \/><\/figure>\n\n\n\n<p>Un cami\u00f3n cargado con mercader\u00edas electr\u00f3nicas de contrabando, adem\u00e1s de de armas y municiones , cajas de tirzepartidas 15mg (inyectables ) que fue interceptado en la noche de este viernes&nbsp; cuando se dirig\u00eda a Sao Paulo y otras regiones como Minas Gerais<\/p>\n\n\n\n<p>El procedimiento estuvo a cargo de la policia Rodovi\u00e1ria que fue realizado en la ciudad de Maringa estado de Parana a unos 410 km de la frontera<\/p>\n\n\n\n<p>El cargamento conten\u00eda electronicos, como iPhone 13 , 16 ,17 pro max equipos de la l\u00ednea BTV, cigarrillos de la marca eigth ,classic , drogas y Replicas de Championes, Tablets ,notebooks e inyectables ademas en el interior de una caja encontraron 7 armas calibre 38mm Taurus y 6 cajas de municiones del mismo calibre cuya procedencia ser\u00eda un centro comercial de Ciudad del Este que seria allanado en los proximos dias.<\/p>\n\n\n\n<p>El cargamento estaria vinculado a un ciudadano identificado como Andresseny Carvalho entre otros nombres que contenia las cajas , Silvia Luiza Rozin , Daniel Borges Cardozo ,Moazir Napoleao<\/p>\n\n\n\n<p>Todos estos nombres ya estan bajo las miras e individualizados por los investigadores.<\/p>\n\n\n\n<p>En el operativo tambi\u00e9n fueron aprehendidos Marcos de Souza alias \u00bb Marc\u00e3o \u00bb de oficio fletero, adem\u00e1s de Ariel Gonz\u00e1lez y Pedro Palacios, quienes circulaban en veh\u00edculos utilizados como campanas para resguardar el traslado.<\/p>\n\n\n\n<p>El caso se encuentra bajo investigaci\u00f3n del Ministerio P\u00fablico y de las autoridades antidrogas, en el marco de una pesquisa que apunta a una estructura transnacional de contrabando ,traficos de armas quienes est\u00e1n vinculados las lojas Vip Company cuyo propietario se tratar\u00eda de un tal Julio.<\/p>\n","protected":false},"excerpt":{"rendered":"<p>Un cami\u00f3n cargado con mercader\u00edas electr\u00f3nicas de contrabando, adem\u00e1s de de armas y municiones , cajas de tirzepartidas<\/p>\n","protected":false},"author":2,"featured_media":1523,"parent":0,"menu_order":0,"comment_status":"open","ping_status":"closed","template":"","meta":{"footnotes":""},"class_list":["post-1590","page","type-page","status-publish","has-post-thumbnail","hentry"],"yoast_head":"<!-- This site is optimized with the Yoast SEO plugin v19.13 - https:\/\/yoast.com\/wordpress\/plugins\/seo\/ -->\n<title>Aprehenden cargamento de contrabando con drogas,armas y electr\u00f3nicos con destino a Brasil - Portal CDE<\/title>\n<meta name=\"robots\" content=\"index, follow, max-snippet:-1, max-image-preview:large, max-video-preview:-1\" \/>\n<link rel=\"canonical\" href=\"https:\/\/www.portalnoticiascde.com\/?page_id=1590\" \/>\n<meta property=\"og:locale\" content=\"es_ES\" \/>\n<meta property=\"og:type\" content=\"article\" \/>\n<meta property=\"og:title\" content=\"Aprehenden cargamento de contrabando con drogas,armas y electr\u00f3nicos con destino a Brasil - Portal CDE\" \/>\n<meta property=\"og:description\" content=\"Un cami\u00f3n cargado con mercader\u00edas electr\u00f3nicas de contrabando, adem\u00e1s de de armas y municiones , cajas de tirzepartidas\" \/>\n<meta property=\"og:url\" content=\"https:\/\/www.portalnoticiascde.com\/?page_id=1590\" \/>\n<meta property=\"og:site_name\" content=\"Portal CDE\" \/>\n<meta property=\"article:modified_time\" content=\"2026-01-10T01:54:20+00:00\" \/>\n<meta property=\"og:image\" content=\"https:\/\/www.portalnoticiascde.com\/wp-content\/uploads\/2025\/10\/screenshot_20251002_095625_google2471947215978268364.jpg\" \/>\n\t<meta property=\"og:image:width\" content=\"1190\" \/>\n\t<meta property=\"og:image:height\" content=\"646\" \/>\n\t<meta property=\"og:image:type\" content=\"image\/jpeg\" \/>\n<meta name=\"twitter:card\" content=\"summary_large_image\" \/>\n<meta name=\"twitter:label1\" content=\"Tiempo de lectura\" \/>\n\t<meta name=\"twitter:data1\" content=\"1 minuto\" \/>\n<script type=\"application\/ld+json\" class=\"yoast-schema-graph\">{\"@context\":\"https:\/\/schema.org\",\"@graph\":[{\"@type\":\"WebPage\",\"@id\":\"https:\/\/www.portalnoticiascde.com\/?page_id=1590\",\"url\":\"https:\/\/www.portalnoticiascde.com\/?page_id=1590\",\"name\":\"Aprehenden cargamento de contrabando con drogas,armas y electr\u00f3nicos con destino a Brasil - Portal CDE\",\"isPartOf\":{\"@id\":\"https:\/\/www.portalnoticiascde.com\/#website\"},\"datePublished\":\"2026-01-10T01:54:05+00:00\",\"dateModified\":\"2026-01-10T01:54:20+00:00\",\"inLanguage\":\"es\",\"potentialAction\":[{\"@type\":\"ReadAction\",\"target\":[\"https:\/\/www.portalnoticiascde.com\/?page_id=1590\"]}]},{\"@type\":\"WebSite\",\"@id\":\"https:\/\/www.portalnoticiascde.com\/#website\",\"url\":\"https:\/\/www.portalnoticiascde.com\/\",\"name\":\"Portal CDE\",\"description\":\"       LA RED INDEPENDIENTE\",\"potentialAction\":[{\"@type\":\"SearchAction\",\"target\":{\"@type\":\"EntryPoint\",\"urlTemplate\":\"https:\/\/www.portalnoticiascde.com\/?s={search_term_string}\"},\"query-input\":\"required name=search_term_string\"}],\"inLanguage\":\"es\"}]}<\/script>\n<!-- \/ Yoast SEO plugin. -->","yoast_head_json":{"title":"Aprehenden cargamento de contrabando con drogas,armas y electr\u00f3nicos con destino a Brasil - Portal CDE","robots":{"index":"index","follow":"follow","max-snippet":"max-snippet:-1","max-image-preview":"max-image-preview:large","max-video-preview":"max-video-preview:-1"},"canonical":"https:\/\/www.portalnoticiascde.com\/?page_id=1590","og_locale":"es_ES","og_type":"article","og_title":"Aprehenden cargamento de contrabando con drogas,armas y electr\u00f3nicos con destino a Brasil - Portal CDE","og_description":"Un cami\u00f3n cargado con mercader\u00edas electr\u00f3nicas de contrabando, adem\u00e1s de de armas y municiones , cajas de tirzepartidas","og_url":"https:\/\/www.portalnoticiascde.com\/?page_id=1590","og_site_name":"Portal CDE","article_modified_time":"2026-01-10T01:54:20+00:00","og_image":[{"width":1190,"height":646,"url":"https:\/\/www.portalnoticiascde.com\/wp-content\/uploads\/2025\/10\/screenshot_20251002_095625_google2471947215978268364.jpg","type":"image\/jpeg"}],"twitter_card":"summary_large_image","twitter_misc":{"Tiempo de lectura":"1 minuto"},"schema":{"@context":"https:\/\/schema.org","@graph":[{"@type":"WebPage","@id":"https:\/\/www.portalnoticiascde.com\/?page_id=1590","url":"https:\/\/www.portalnoticiascde.com\/?page_id=1590","name":"Aprehenden cargamento de contrabando con drogas,armas y electr\u00f3nicos con destino a Brasil - Portal CDE","isPartOf":{"@id":"https:\/\/www.portalnoticiascde.com\/#website"},"datePublished":"2026-01-10T01:54:05+00:00","dateModified":"2026-01-10T01:54:20+00:00","inLanguage":"es","potentialAction":[{"@type":"ReadAction","target":["https:\/\/www.portalnoticiascde.com\/?page_id=1590"]}]},{"@type":"WebSite","@id":"https:\/\/www.portalnoticiascde.com\/#website","url":"https:\/\/www.portalnoticiascde.com\/","name":"Portal CDE","description":"       LA RED INDEPENDIENTE","potentialAction":[{"@type":"SearchAction","target":{"@type":"EntryPoint","urlTemplate":"https:\/\/www.portalnoticiascde.com\/?s={search_term_string}"},"query-input":"required name=search_term_string"}],"inLanguage":"es"}]}},"_links":{"self":[{"href":"https:\/\/www.portalnoticiascde.com\/index.php?rest_route=\/wp\/v2\/pages\/1590","targetHints":{"allow":["GET"]}}],"collection":[{"href":"https:\/\/www.portalnoticiascde.com\/index.php?rest_route=\/wp\/v2\/pages"}],"about":[{"href":"https:\/\/www.portalnoticiascde.com\/index.php?rest_route=\/wp\/v2\/types\/page"}],"author":[{"embeddable":true,"href":"https:\/\/www.portalnoticiascde.com\/index.php?rest_route=\/wp\/v2\/users\/2"}],"replies":[{"embeddable":true,"href":"https:\/\/www.portalnoticiascde.com\/index.php?rest_route=%2Fwp%2Fv2%2Fcomments&post=1590"}],"version-history":[{"count":1,"href":"https:\/\/www.portalnoticiascde.com\/index.php?rest_route=\/wp\/v2\/pages\/1590\/revisions"}],"predecessor-version":[{"id":1595,"href":"https:\/\/www.portalnoticiascde.com\/index.php?rest_route=\/wp\/v2\/pages\/1590\/revisions\/1595"}],"wp:featuredmedia":[{"embeddable":true,"href":"https:\/\/www.portalnoticiascde.com\/index.php?rest_route=\/wp\/v2\/media\/1523"}],"wp:attachment":[{"href":"https:\/\/www.portalnoticiascde.com\/index.php?rest_route=%2Fwp%2Fv2%2Fmedia&parent=1590"}],"curies":[{"name":"wp","href":"https:\/\/api.w.org\/{rel}","templated":true}]}}